{"id":5,"date":"2022-07-28T11:38:57","date_gmt":"2022-07-28T02:38:57","guid":{"rendered":"https:\/\/www.sae-beautysalon.miyoshiya-dx-service.com\/?page_id=5"},"modified":"2022-10-06T16:02:13","modified_gmt":"2022-10-06T07:02:13","slug":"home","status":"publish","type":"page","link":"https:\/\/www.sae-beautysalon.miyoshiya-dx-service.com\/","title":{"rendered":"HOME"},"content":{"rendered":"\n<div style=\"height:20px\" aria-hidden=\"true\" class=\"wp-block-spacer\"><\/div>\n\n\n\n<h3 class=\"has-text-align-center is-style-vk-heading-default wp-block-heading\" id=\"NEWS\"><img loading=\"lazy\" decoding=\"async\" width=\"1900\" height=\"150\" class=\"wp-image-309\" style=\"width: 1900px;\" src=\"https:\/\/www.sae-beautysalon.miyoshiya-dx-service.com\/wp-content\/uploads\/2022\/10\/7776BA6E-A535-4675-81EF-5A8DBC1835A2.jpeg\" alt=\"\" srcset=\"https:\/\/www.sae-beautysalon.miyoshiya-dx-service.com\/wp-content\/uploads\/2022\/10\/7776BA6E-A535-4675-81EF-5A8DBC1835A2.jpeg 1900w, https:\/\/www.sae-beautysalon.miyoshiya-dx-service.com\/wp-content\/uploads\/2022\/10\/7776BA6E-A535-4675-81EF-5A8DBC1835A2-300x24.jpeg 300w, https:\/\/www.sae-beautysalon.miyoshiya-dx-service.com\/wp-content\/uploads\/2022\/10\/7776BA6E-A535-4675-81EF-5A8DBC1835A2-1024x81.jpeg 1024w, https:\/\/www.sae-beautysalon.miyoshiya-dx-service.com\/wp-content\/uploads\/2022\/10\/7776BA6E-A535-4675-81EF-5A8DBC1835A2-768x61.jpeg 768w, https:\/\/www.sae-beautysalon.miyoshiya-dx-service.com\/wp-content\/uploads\/2022\/10\/7776BA6E-A535-4675-81EF-5A8DBC1835A2-1536x121.jpeg 1536w\" sizes=\"auto, (max-width: 1900px) 100vw, 1900px\" \/><\/h3>\n\n\n<ul class=\"wp-block-latest-posts__list aligncenter wp-block-latest-posts\"><li><a class=\"wp-block-latest-posts__post-title\" href=\"https:\/\/www.sae-beautysalon.miyoshiya-dx-service.com\/?p=1\">Hello world!<\/a><\/li>\n<\/ul>\n\n\n<div style=\"height:2px\" aria-hidden=\"true\" class=\"wp-block-spacer\"><\/div>\n\n\n\n<div class=\"wp-block-vk-blocks-button vk_button vk_button-color-custom vk_button-align-left\"><a href=\"https:\/\/www.sae-beautysalon.miyoshiya-dx-service.com\/?page_id=8\" class=\"vk_button_link has-text-color vk_button_link-type-text has-luminous-vivid-orange-color btn-sm\" role=\"button\" aria-pressed=\"true\" rel=\"noopener\"><div class=\"vk_button_link_caption\"><span class=\"vk_button_link_txt\">\u4e00\u89a7\u3092\u898b\u308b<\/span><\/div><\/a><\/div>\n\n\n\n<div style=\"height:10px\" aria-hidden=\"true\" class=\"wp-block-spacer\"><\/div>\n\n\n\n<h3 class=\"has-text-align-center is-style-vk-heading-default wp-block-heading\" id=\"\u30b5\u30ed\u30f3\u60c5\u5831\"><img loading=\"lazy\" decoding=\"async\" width=\"1900\" height=\"150\" class=\"wp-image-313\" style=\"width: 1900px;\" src=\"https:\/\/www.sae-beautysalon.miyoshiya-dx-service.com\/wp-content\/uploads\/2022\/10\/1837A048-FE4D-4BA1-BBA8-9D56B877906B.jpeg\" alt=\"\" srcset=\"https:\/\/www.sae-beautysalon.miyoshiya-dx-service.com\/wp-content\/uploads\/2022\/10\/1837A048-FE4D-4BA1-BBA8-9D56B877906B.jpeg 1900w, https:\/\/www.sae-beautysalon.miyoshiya-dx-service.com\/wp-content\/uploads\/2022\/10\/1837A048-FE4D-4BA1-BBA8-9D56B877906B-300x24.jpeg 300w, https:\/\/www.sae-beautysalon.miyoshiya-dx-service.com\/wp-content\/uploads\/2022\/10\/1837A048-FE4D-4BA1-BBA8-9D56B877906B-1024x81.jpeg 1024w, https:\/\/www.sae-beautysalon.miyoshiya-dx-service.com\/wp-content\/uploads\/2022\/10\/1837A048-FE4D-4BA1-BBA8-9D56B877906B-768x61.jpeg 768w, https:\/\/www.sae-beautysalon.miyoshiya-dx-service.com\/wp-content\/uploads\/2022\/10\/1837A048-FE4D-4BA1-BBA8-9D56B877906B-1536x121.jpeg 1536w\" sizes=\"auto, (max-width: 1900px) 100vw, 1900px\" \/><\/h3>\n\n\n<div class=\"wp-block-image\">\n<figure class=\"aligncenter size-large is-resized\"><img loading=\"lazy\" decoding=\"async\" src=\"https:\/\/www.sae-beautysalon.miyoshiya-dx-service.com\/wp-content\/uploads\/2022\/09\/\u30b5\u30a8\u7f8e\u5bb9\u5ba4-\u30b5\u30ed\u30f3\u30b3\u30f3\u30bb\u30d7\u30c8-1900-\u00d7-700-px-1-1024x377.png\" alt=\"\" class=\"wp-image-296\" width=\"1059\" height=\"390\" srcset=\"https:\/\/www.sae-beautysalon.miyoshiya-dx-service.com\/wp-content\/uploads\/2022\/09\/\u30b5\u30a8\u7f8e\u5bb9\u5ba4-\u30b5\u30ed\u30f3\u30b3\u30f3\u30bb\u30d7\u30c8-1900-\u00d7-700-px-1-1024x377.png 1024w, https:\/\/www.sae-beautysalon.miyoshiya-dx-service.com\/wp-content\/uploads\/2022\/09\/\u30b5\u30a8\u7f8e\u5bb9\u5ba4-\u30b5\u30ed\u30f3\u30b3\u30f3\u30bb\u30d7\u30c8-1900-\u00d7-700-px-1-300x111.png 300w, https:\/\/www.sae-beautysalon.miyoshiya-dx-service.com\/wp-content\/uploads\/2022\/09\/\u30b5\u30a8\u7f8e\u5bb9\u5ba4-\u30b5\u30ed\u30f3\u30b3\u30f3\u30bb\u30d7\u30c8-1900-\u00d7-700-px-1-768x283.png 768w, https:\/\/www.sae-beautysalon.miyoshiya-dx-service.com\/wp-content\/uploads\/2022\/09\/\u30b5\u30a8\u7f8e\u5bb9\u5ba4-\u30b5\u30ed\u30f3\u30b3\u30f3\u30bb\u30d7\u30c8-1900-\u00d7-700-px-1-1536x566.png 1536w, https:\/\/www.sae-beautysalon.miyoshiya-dx-service.com\/wp-content\/uploads\/2022\/09\/\u30b5\u30a8\u7f8e\u5bb9\u5ba4-\u30b5\u30ed\u30f3\u30b3\u30f3\u30bb\u30d7\u30c8-1900-\u00d7-700-px-1.png 1900w\" sizes=\"auto, (max-width: 1059px) 100vw, 1059px\" \/><\/figure>\n<\/div>\n\n\n<h3 class=\"has-text-align-center is-style-vk-heading-default wp-block-heading\" id=\"\u30b5\u30ed\u30f3\u60c5\u5831\"><img loading=\"lazy\" decoding=\"async\" width=\"1900\" height=\"150\" class=\"wp-image-307\" style=\"width: 1900px;\" src=\"https:\/\/www.sae-beautysalon.miyoshiya-dx-service.com\/wp-content\/uploads\/2022\/10\/7D484083-A426-406E-830A-72067D2E5C22.jpeg\" alt=\"\" srcset=\"https:\/\/www.sae-beautysalon.miyoshiya-dx-service.com\/wp-content\/uploads\/2022\/10\/7D484083-A426-406E-830A-72067D2E5C22.jpeg 1900w, https:\/\/www.sae-beautysalon.miyoshiya-dx-service.com\/wp-content\/uploads\/2022\/10\/7D484083-A426-406E-830A-72067D2E5C22-300x24.jpeg 300w, https:\/\/www.sae-beautysalon.miyoshiya-dx-service.com\/wp-content\/uploads\/2022\/10\/7D484083-A426-406E-830A-72067D2E5C22-1024x81.jpeg 1024w, https:\/\/www.sae-beautysalon.miyoshiya-dx-service.com\/wp-content\/uploads\/2022\/10\/7D484083-A426-406E-830A-72067D2E5C22-768x61.jpeg 768w, https:\/\/www.sae-beautysalon.miyoshiya-dx-service.com\/wp-content\/uploads\/2022\/10\/7D484083-A426-406E-830A-72067D2E5C22-1536x121.jpeg 1536w\" sizes=\"auto, (max-width: 1900px) 100vw, 1900px\" \/><\/h3>\n\n\n<div class=\"wp-block-image\">\n<figure class=\"aligncenter size-large is-resized\"><img loading=\"lazy\" decoding=\"async\" src=\"https:\/\/www.sae-beautysalon.miyoshiya-dx-service.com\/wp-content\/uploads\/2022\/08\/\u30e4\u30b9\u30aa\u30ab\u69d8\u3000\u5e97\u8217\u5199\u771f-1200-\u00d7-450-px-1-1024x384.png\" alt=\"\" class=\"wp-image-132\" width=\"1063\" height=\"399\" srcset=\"https:\/\/www.sae-beautysalon.miyoshiya-dx-service.com\/wp-content\/uploads\/2022\/08\/\u30e4\u30b9\u30aa\u30ab\u69d8\u3000\u5e97\u8217\u5199\u771f-1200-\u00d7-450-px-1-1024x384.png 1024w, https:\/\/www.sae-beautysalon.miyoshiya-dx-service.com\/wp-content\/uploads\/2022\/08\/\u30e4\u30b9\u30aa\u30ab\u69d8\u3000\u5e97\u8217\u5199\u771f-1200-\u00d7-450-px-1-300x113.png 300w, https:\/\/www.sae-beautysalon.miyoshiya-dx-service.com\/wp-content\/uploads\/2022\/08\/\u30e4\u30b9\u30aa\u30ab\u69d8\u3000\u5e97\u8217\u5199\u771f-1200-\u00d7-450-px-1-768x288.png 768w, https:\/\/www.sae-beautysalon.miyoshiya-dx-service.com\/wp-content\/uploads\/2022\/08\/\u30e4\u30b9\u30aa\u30ab\u69d8\u3000\u5e97\u8217\u5199\u771f-1200-\u00d7-450-px-1.png 1200w\" sizes=\"auto, (max-width: 1063px) 100vw, 1063px\" \/><\/figure>\n<\/div>\n\n\n<figure class=\"wp-block-table is-style-vk-table-border-stripes\"><table><tbody><tr><td class=\"has-text-align-center\" data-align=\"center\"><span data-fontsize=\"14px\" style=\"font-size: 14px;\" class=\"vk_inline-font-size\">\u5e97\u540d<\/span><\/td><td class=\"has-text-align-center\" data-align=\"center\">\u3000<span data-fontsize=\"21px\" style=\"font-size: 21px;\" class=\"vk_inline-font-size\">\u3000\u3000<\/span><span data-fontsize=\"16px\" style=\"font-size: 16px;\" class=\"vk_inline-font-size\">\u3000<\/span><span data-fontsize=\"14px\" style=\"font-size: 14px;\" class=\"vk_inline-font-size\">\u7f8e\u5bb9\u5ba4\u30b5\u30a8<\/span>\u3000\u3000\u3000\u3000\u3000\u3000<\/td><\/tr><tr><td class=\"has-text-align-center\" data-align=\"center\"><span data-fontsize=\"15px\" style=\"font-size: 15px;\" class=\"vk_inline-font-size\">\u4f4f\u6240<\/span><\/td><td class=\"has-text-align-center\" data-align=\"center\">\u795e\u5948\u5ddd\u770c\u539a\u6728\u5e02\u4e2d\u753a\uff12\u4e01\u76ee\uff18\u2212\uff11 <br>\u4f1a\u7530\u8208\u696d\u30d3\u30eb<\/td><\/tr><tr><td class=\"has-text-align-center\" data-align=\"center\"><span data-fontsize=\"14px\" style=\"font-size: 14px;\" class=\"vk_inline-font-size\">\u96fb\u8a71<br>\u756a\u53f7<\/span><\/td><td class=\"has-text-align-center\" data-align=\"center\"><span data-fontsize=\"14px\" style=\"font-size: 14px;\" class=\"vk_inline-font-size\">046-224-8355<\/span><\/td><\/tr><tr><td class=\"has-text-align-center\" data-align=\"center\"><span data-fontsize=\"14px\" style=\"font-size: 14px;\" class=\"vk_inline-font-size\">\u55b6\u696d<br>\u6642\u9593<\/span><\/td><td class=\"has-text-align-center\" data-align=\"center\"><span data-fontsize=\"14px\" style=\"font-size: 14px;\" class=\"vk_inline-font-size\">9:00\uff5e18:00<\/span><\/td><\/tr><tr><td class=\"has-text-align-center\" data-align=\"center\"><span data-fontsize=\"14px\" style=\"font-size: 14px;\" class=\"vk_inline-font-size\">\u5b9a\u4f11\u65e5<\/span><\/td><td class=\"has-text-align-center\" data-align=\"center\"><span data-fontsize=\"14px\" style=\"font-size: 14px;\" class=\"vk_inline-font-size\">\u706b\u66dc\u65e5<\/span><\/td><\/tr><tr><td class=\"has-text-align-center\" data-align=\"center\"><span data-fontsize=\"14px\" style=\"font-size: 14px;\" class=\"vk_inline-font-size\">\u8a2d\u7f6e\u9762<\/span><\/td><td class=\"has-text-align-center\" data-align=\"center\"><span data-fontsize=\"14px\" style=\"font-size: 14px;\" class=\"vk_inline-font-size\">4\u5e2d<\/span><\/td><\/tr><tr><td class=\"has-text-align-center\" data-align=\"center\"><span data-fontsize=\"14px\" style=\"font-size: 14px;\" class=\"vk_inline-font-size\">\u652f\u6255<br>\u65b9\u6cd5<\/span><\/td><td class=\"has-text-align-center\" data-align=\"center\"><span data-fontsize=\"14px\" style=\"font-size: 14px;\" class=\"vk_inline-font-size\">\u73fe\u91d1<br>\u5404\u7a2e\u30af\u30ec\u30b8\u30c3\u30c8\u30ab\u30fc\u30c9<\/span><\/td><\/tr><\/tbody><\/table><\/figure>\n\n\n\n<h5 class=\"has-text-align-center is-style-vk-heading-default wp-block-heading\" id=\"\u30e1\u30cb\u30e5\u30fc\"><img loading=\"lazy\" decoding=\"async\" width=\"1900\" height=\"150\" class=\"wp-image-302\" style=\"width: 1900px;\" src=\"https:\/\/www.sae-beautysalon.miyoshiya-dx-service.com\/wp-content\/uploads\/2022\/10\/DF35D8CC-6980-4C27-ADD1-6476CCE3E036.jpeg\" alt=\"\" srcset=\"https:\/\/www.sae-beautysalon.miyoshiya-dx-service.com\/wp-content\/uploads\/2022\/10\/DF35D8CC-6980-4C27-ADD1-6476CCE3E036.jpeg 1900w, https:\/\/www.sae-beautysalon.miyoshiya-dx-service.com\/wp-content\/uploads\/2022\/10\/DF35D8CC-6980-4C27-ADD1-6476CCE3E036-300x24.jpeg 300w, https:\/\/www.sae-beautysalon.miyoshiya-dx-service.com\/wp-content\/uploads\/2022\/10\/DF35D8CC-6980-4C27-ADD1-6476CCE3E036-1024x81.jpeg 1024w, https:\/\/www.sae-beautysalon.miyoshiya-dx-service.com\/wp-content\/uploads\/2022\/10\/DF35D8CC-6980-4C27-ADD1-6476CCE3E036-768x61.jpeg 768w, https:\/\/www.sae-beautysalon.miyoshiya-dx-service.com\/wp-content\/uploads\/2022\/10\/DF35D8CC-6980-4C27-ADD1-6476CCE3E036-1536x121.jpeg 1536w\" sizes=\"auto, (max-width: 1900px) 100vw, 1900px\" \/><\/h5>\n\n\n<div class=\"wp-block-image\">\n<figure class=\"aligncenter size-large is-resized\"><img loading=\"lazy\" decoding=\"async\" src=\"https:\/\/www.sae-beautysalon.miyoshiya-dx-service.com\/wp-content\/uploads\/2022\/09\/\u30b5\u30a8\u7f8e\u5bb9\u5ba4-Menu-1900-\u00d7-2400-px-1900-\u00d7-2500-px-1900-\u00d7-2900-px-671x1024.png\" alt=\"\" class=\"wp-image-277\" width=\"1050\" height=\"1603\" srcset=\"https:\/\/www.sae-beautysalon.miyoshiya-dx-service.com\/wp-content\/uploads\/2022\/09\/\u30b5\u30a8\u7f8e\u5bb9\u5ba4-Menu-1900-\u00d7-2400-px-1900-\u00d7-2500-px-1900-\u00d7-2900-px-671x1024.png 671w, https:\/\/www.sae-beautysalon.miyoshiya-dx-service.com\/wp-content\/uploads\/2022\/09\/\u30b5\u30a8\u7f8e\u5bb9\u5ba4-Menu-1900-\u00d7-2400-px-1900-\u00d7-2500-px-1900-\u00d7-2900-px-197x300.png 197w, https:\/\/www.sae-beautysalon.miyoshiya-dx-service.com\/wp-content\/uploads\/2022\/09\/\u30b5\u30a8\u7f8e\u5bb9\u5ba4-Menu-1900-\u00d7-2400-px-1900-\u00d7-2500-px-1900-\u00d7-2900-px-768x1172.png 768w, https:\/\/www.sae-beautysalon.miyoshiya-dx-service.com\/wp-content\/uploads\/2022\/09\/\u30b5\u30a8\u7f8e\u5bb9\u5ba4-Menu-1900-\u00d7-2400-px-1900-\u00d7-2500-px-1900-\u00d7-2900-px-1006x1536.png 1006w, https:\/\/www.sae-beautysalon.miyoshiya-dx-service.com\/wp-content\/uploads\/2022\/09\/\u30b5\u30a8\u7f8e\u5bb9\u5ba4-Menu-1900-\u00d7-2400-px-1900-\u00d7-2500-px-1900-\u00d7-2900-px-1342x2048.png 1342w, https:\/\/www.sae-beautysalon.miyoshiya-dx-service.com\/wp-content\/uploads\/2022\/09\/\u30b5\u30a8\u7f8e\u5bb9\u5ba4-Menu-1900-\u00d7-2400-px-1900-\u00d7-2500-px-1900-\u00d7-2900-px.png 1900w\" sizes=\"auto, (max-width: 1050px) 100vw, 1050px\" \/><\/figure>\n<\/div>\n\n\n<h5 class=\"has-text-align-center is-style-vk-heading-default wp-block-heading\" id=\"\u30a2\u30af\u30bb\u30b9\"><img loading=\"lazy\" decoding=\"async\" width=\"1900\" height=\"150\" class=\"wp-image-310\" style=\"width: 1900px;\" src=\"https:\/\/www.sae-beautysalon.miyoshiya-dx-service.com\/wp-content\/uploads\/2022\/10\/42F344CC-0003-4E2B-985D-A154EDA6B917.jpeg\" alt=\"\" srcset=\"https:\/\/www.sae-beautysalon.miyoshiya-dx-service.com\/wp-content\/uploads\/2022\/10\/42F344CC-0003-4E2B-985D-A154EDA6B917.jpeg 1900w, https:\/\/www.sae-beautysalon.miyoshiya-dx-service.com\/wp-content\/uploads\/2022\/10\/42F344CC-0003-4E2B-985D-A154EDA6B917-300x24.jpeg 300w, https:\/\/www.sae-beautysalon.miyoshiya-dx-service.com\/wp-content\/uploads\/2022\/10\/42F344CC-0003-4E2B-985D-A154EDA6B917-1024x81.jpeg 1024w, https:\/\/www.sae-beautysalon.miyoshiya-dx-service.com\/wp-content\/uploads\/2022\/10\/42F344CC-0003-4E2B-985D-A154EDA6B917-768x61.jpeg 768w, https:\/\/www.sae-beautysalon.miyoshiya-dx-service.com\/wp-content\/uploads\/2022\/10\/42F344CC-0003-4E2B-985D-A154EDA6B917-1536x121.jpeg 1536w\" sizes=\"auto, (max-width: 1900px) 100vw, 1900px\" \/><\/h5>\n\n\n\n<iframe src=\"https:\/\/www.google.com\/maps\/embed?pb=!1m14!1m8!1m3!1d13002.168966454374!2d139.364928!3d35.441368!3m2!1i1024!2i768!4f13.1!3m3!1m2!1s0x0%3A0xfead3c2a7633ccb4!2z44K144Ko576O5a655a6k!5e0!3m2!1sja!2sjp!4v1660098864292!5m2!1sja!2sjp\" width=\"100%\" height=\"450\" style=\"border:0;\" allowfullscreen=\"\" loading=\"lazy\" referrerpolicy=\"no-referrer-when-downgrade\"><\/iframe>\n\n\n\n<pre class=\"wp-block-preformatted\"><span data-fontsize=\"21px\" style=\"font-size: 21px;\" class=\"vk_inline-font-size\"><strong>\u5c0f\u7530\u6025\u96fb\u9244\u5c0f\u7530\u539f\u7dda\u3000\n\u300c\u672c\u539a\u6728\u99c5\u300d\u5317\u53e3\u5f92\u6b69\u7d044\u5206<\/strong><\/span><\/pre>\n","protected":false},"excerpt":{"rendered":"<p>\u5e97\u540d \u3000\u3000\u3000\u3000\u7f8e\u5bb9\u5ba4\u30b5\u30a8\u3000\u3000\u3000\u3000\u3000\u3000 \u4f4f\u6240 \u795e\u5948\u5ddd\u770c\u539a\u6728\u5e02\u4e2d\u753a\uff12\u4e01\u76ee\uff18\u2212\uff11 \u4f1a\u7530\u8208\u696d\u30d3\u30eb \u96fb\u8a71\u756a\u53f7 046-224-8355 \u55b6\u696d\u6642\u9593 9:00\uff5e18:00 \u5b9a\u4f11\u65e5 \u706b\u66dc\u65e5 \u8a2d\u7f6e\u9762 4\u5e2d \u652f\u6255\u65b9\u6cd5 \u73fe\u91d1\u5404\u7a2e\u30af\u30ec\u30b8\u30c3\u30c8\u30ab\u30fc [&hellip;]<\/p>\n","protected":false},"author":1,"featured_media":0,"parent":0,"menu_order":0,"comment_status":"closed","ping_status":"closed","template":"","meta":{"footnotes":""},"class_list":["post-5","page","type-page","status-publish","hentry"],"_links":{"self":[{"href":"https:\/\/www.sae-beautysalon.miyoshiya-dx-service.com\/index.php?rest_route=\/wp\/v2\/pages\/5","targetHints":{"allow":["GET"]}}],"collection":[{"href":"https:\/\/www.sae-beautysalon.miyoshiya-dx-service.com\/index.php?rest_route=\/wp\/v2\/pages"}],"about":[{"href":"https:\/\/www.sae-beautysalon.miyoshiya-dx-service.com\/index.php?rest_route=\/wp\/v2\/types\/page"}],"author":[{"embeddable":true,"href":"https:\/\/www.sae-beautysalon.miyoshiya-dx-service.com\/index.php?rest_route=\/wp\/v2\/users\/1"}],"replies":[{"embeddable":true,"href":"https:\/\/www.sae-beautysalon.miyoshiya-dx-service.com\/index.php?rest_route=%2Fwp%2Fv2%2Fcomments&post=5"}],"version-history":[{"count":119,"href":"https:\/\/www.sae-beautysalon.miyoshiya-dx-service.com\/index.php?rest_route=\/wp\/v2\/pages\/5\/revisions"}],"predecessor-version":[{"id":314,"href":"https:\/\/www.sae-beautysalon.miyoshiya-dx-service.com\/index.php?rest_route=\/wp\/v2\/pages\/5\/revisions\/314"}],"wp:attachment":[{"href":"https:\/\/www.sae-beautysalon.miyoshiya-dx-service.com\/index.php?rest_route=%2Fwp%2Fv2%2Fmedia&parent=5"}],"curies":[{"name":"wp","href":"https:\/\/api.w.org\/{rel}","templated":true}]}}